{"id":3,"date":"2025-06-29T12:00:59","date_gmt":"2025-06-29T12:00:59","guid":{"rendered":"https:\/\/multispeakai.com\/?page_id=3"},"modified":"2025-07-02T14:31:54","modified_gmt":"2025-07-02T12:31:54","slug":"privacy-policy","status":"publish","type":"page","link":"https:\/\/multispeakai.com\/en_gb\/privacy-policy\/","title":{"rendered":"Privacy Policy"},"content":{"rendered":"\n<p><strong>Allgemeiner Hinweis<\/strong><br><br>Gest\u00fctzt auf Art. 13 BV und den datenschutzrechtlichen Bestimmungen des Bundes (Datenschutzgesetz, DSG) und anderen Bestimmungen des Datenschutzrechts, welche anwendbar sein k\u00f6nnten, insbesondere die EU-Datenschutzgrundverordnung (DSGVO), hat jede Person Anspruch auf Schutz ihrer Privatsph\u00e4re sowie auf Schutz vor Missbrauch ihrer pers\u00f6nlichen Daten. Die Betreiber der Webseite MultiSpeakAi &#8220;www.multispeakai.com&#8221; (die &#8220;<strong>Webseite<\/strong>&#8220;) nehmen den Schutz Ihrer pers\u00f6nlichen Daten sehr ernst. Wir behandeln Ihre personenbezogenen Daten vertraulich und entsprechend der gesetzlichen Datenschutzvorschriften sowie dieser Datenschutzerkl\u00e4rung.<\/p>\n\n\n\n<p>In Zusammenarbeit mit unseren Hosting-Providern bem\u00fchen wir uns, die Datenbanken so gut wie m\u00f6glich vor fremden Zugriffen, Verlusten, Missbrauch oder vor F\u00e4lschung zu sch\u00fctzen.<\/p>\n\n\n\n<p>Wir weisen darauf hin, dass die Daten\u00fcbertragung im Internet (z.B. bei der Kommunikation per E-Mail) Sicherheitsl\u00fccken aufweisen kann. Ein l\u00fcckenloser Schutz der Daten vor dem Zugriff durch Dritte ist nicht m\u00f6glich.<\/p>\n\n\n\n<p>Durch die Nutzung dieser Webseite erkl\u00e4ren Sie sich mit der Erhebung, Verarbeitung und Nutzung von Daten gem\u00e4ss der nachfolgenden Beschreibung einverstanden. Diese Webseite kann grunds\u00e4tzlich ohne Registrierung besucht werden. Dabei werden Daten wie beispielsweise aufgerufene Seiten bzw. Namen der abgerufenen Datei, Datum und Uhrzeit zu statistischen Zwecken auf dem Server gespeichert, ohne dass diese Daten unmittelbar auf Ihre Person bezogen werden. Personenbezogene Daten, insbesondere Name, Adresse oder E-Mail-Adresse werden soweit m\u00f6glich auf freiwilliger Basis erhoben. Ohne Ihre Einwilligung erfolgt keine Weitergabe der Daten an Dritte.<\/p>\n\n\n\n<p>Bei der Auslegung der Datenschutzerkl\u00e4rung ist die deutsche Fassung massgebend.<br><br><strong>Wer wir sind<\/strong><br><br>F\u00fcr Ihre Personendaten ist multispeakai.com, verantwortlich. Verweise in dieser Datenschutzerkl\u00e4rung (die &#8220;<strong>Erkl\u00e4rung<\/strong>&#8220;) auf &#8220;MultiSpeakAi&#8221;, &#8220;wir&#8221; oder &#8220;uns&#8221; sind Verweise auf multispeakai.com.<br><br>Bei Fragen zum Datenschutz sind wir wie folgt erreichbar:&nbsp;<a href=\"mailto:info@multispeakai.com\">info@multispeakai.com<\/a><br><br><strong>Personendaten, welche wir bearbeiten<\/strong><br><br>Personendaten, welche wir \u00fcber Sie bearbeiten, umfassen:<br><br>&#8211; Ihren Namen und Ihre Kontaktangaben (zum Beispiel Name, Adresse, Telefonnummer oder E-Mail-Adresse), Informationen \u00fcber das Unternehmen, f\u00fcr welches Sie arbeiten, \u00fcber Ihre Position oder Ihren Titel und\/oder Ihre Beziehung zu einer Person sowie andere grundlegende Informationen);<br><br>&#8211; Identifikations- und Hintergrundinformationen, welche Sie uns zur Verf\u00fcgung stellen oder welche im Rahmen der Er\u00f6ffnung eines Benutzerkontos von Ihnen erfasst werden;<br><br>&#8211; Finanzinformationen, beispielsweise Zahlungsinformationen;<br><br>&#8211; Informationen, welche uns von oder im Namen unserer Nutzer bekanntgegeben werden oder welche wir im Rahmen unserer Dienstleistungen an Nutzer erstellen.<br><br>&#8211; Informationen im Zusammenhang mit Unterlagen und Mitteilungen, welche wir Ihnen elektronisch zukommen lassen, beispielsweise Ihre Nutzung von Werbe-E-Mails.<br><br>&#8211; Alle weiteren, auf Sie bezogenen Informationen, welche Sie uns zur Verf\u00fcgung stellen.<br><br>Wir sammeln und erfassen diese Informationen, wenn Sie mit uns interagieren, beispielsweise wenn Sie mit unseren Mitarbeitern kommunizieren, sich auf der Webseite mit einem Kundenkonto registrieren, um Informationen per E-Mail zu erhalten oder die Webseite und unsere Dienstleistungen zu nutzen. Wir erfassen oder erstellen Personendaten auch im Rahmen unseres Angebots auf der Webseite und wenn wir Personendaten von anderen Quellen beziehen, beispielsweise, indem wir \u00f6ffentlich zug\u00e4ngliche Quellen konsultieren, um Ihre Angaben zu aktualisieren.<br><br><strong>Wie wir Ihre Personendaten bearbeiten<\/strong><br><br>Wir bearbeiten Ihre Personendaten:<br><br>&#8211; um mit Ihnen zu kommunizieren;<br><br>&#8211; um Ihnen unsere Dienstleistungen zur Verf\u00fcgung zu stellen und diese zu verbessern, einschliesslich Personendaten von Dritten, welche uns bekanntgegeben werden oder welche wir im Namen unserer Kunden erfassen, beispielsweise Daten im Rahmen unserer Verwaltungs- und Marketingabl\u00e4ufe\/-arbeiten;<br><br>&#8211; um die Gesch\u00e4ftsbeziehung mit Ihnen zu verwalten;<br><br>&#8211; um unsere Webseite zu unterhalten, bereitzustellen und zu verbessern, einschliesslich deren \u00dcberwachung sowie die Auswertung ihrer Nutzung;<br><br>&#8211; zur Bewerbung unserer Dienstleistungen, einschliesslich der Zusendung von Publikationen, von Warnhinweisen, Updates, Einladungen zu Veranstaltungen etc.<br><br>&#8211; zur Einhaltung unserer rechtlichen, regulatorischen und Risikomanagement Verpflichtungen, einschliesslich der Geltendmachung, der Durchsetzung sowie der Verteidigung von Rechtsanspr\u00fcchen.<br><br>Wir bearbeiten Personendaten zu diesen Zwecken auf folgender Grundlage: wenn es f\u00fcr uns zur Abwicklung eines Vertrags notwendig ist, wie die Kontaktaufnahme mit einer Person, um Dienstleistungen anzubieten, zur Geltendmachung, Durchf\u00fchrung oder Verteidigung von Rechtsanspr\u00fcchen oder (in) gerichtlichen Verfahren; zur Einhaltung von rechtlichen und regulatorischen Verpflichtungen, zur Wahrung berechtigter Interessen einschliesslich der oben erw\u00e4hnten und aufgef\u00fchrten Interessen; und\/oder gest\u00fctzt auf eine Einwilligung.<br><br>Gebrauch unserer Webseite, Kommunikation<br><br>Wenn Sie unsere Webseite aufrufen und diese nutzen, erfassen und speichern wir automatisch f\u00fcr eine begrenzte Dauer entsprechende Log-Daten und ger\u00e4tespezifische Informationen. Diese Informationen umfassen, unter anderem, spezifische Informationen dar\u00fcber, wie Sie unsere Webseite nutzen, die IP-Adresse, Zugriffsdaten und -zeiten, Hardware- und Software-Informationen wie auch ger\u00e4tespezifische und andere \u00e4hnliche Informationen. Wir bearbeiten diese Daten gest\u00fctzt darauf und sofern dies f\u00fcr uns zum Betrieb, zur Wartung und zur Verbesserung unserer Webseite notwendig ist.<br><br>Wir k\u00f6nnen Ihren Namen und Ihre E-Mail-Adresse(n) zur Zustellung von Publikationen, Warnhinweisen, Updates, Einladungen zu Veranstaltungen und anderen Informationen per E-Mail verwenden und werden vorangehend hierf\u00fcr um Ihre Einwilligung bitten, ausser wir haben Ihre Kontaktangaben im Rahmen unserer Dienstleistungen erhalten und Sie den Erhalt solcher Werbemitteilungen nicht abgelehnt haben. Wenn Sie keine Werbemitteilungen mehr von uns erhalten m\u00f6chten, haben Sie jederzeit die M\u00f6glichkeit, sich durch einen entsprechenden Link in den jeweiligen E-Mails abzumelden. Bitte beachten Sie, dass wir Personendaten daf\u00fcr verwenden, nachzuvollziehen, ob Sie unsere E-Mails lesen oder ob Sie entsprechende Links anklicken, welche darin enthalten sind.<br><br>Er\u00f6ffnung eines Benutzerkontos<br><br>Wenn Sie auf unserer Webseite ein Benutzerkonto er\u00f6ffnen, erheben wir einen Benutzername bzw. die E-Mail-Adresse sowie ein Passwort. Sobald die Anmeldung zu Ihrem Benutzerkonto erstellt wurde, k\u00f6nnen Sie Ihr Profil mit den weiteren Personalien wie Vorname, Name und Adresse aktualisieren.<br><br>Wir ben\u00f6tigen diese Informationen, um Ihnen den Zugriff zu den notwendigen Unterrichtsmaterialien zu gew\u00e4hren.<br><br><strong>Verwendung von Cookies<\/strong><br><br>Diese Webseite verwendet Cookies. Das sind kleine Textdateien, die es m\u00f6glich machen, auf dem Endger\u00e4t des Nutzers spezifische, auf den Nutzer bezogene Informationen zu speichern, w\u00e4hrend er die Webseite nutzt. Cookies erm\u00f6glichen es, insbesondere Nutzungsh\u00e4ufigkeit und Nutzeranzahl der Seiten zu ermitteln, Verhaltensweisen der Seitennutzung zu analysieren, aber auch unser Angebot kundenfreundlicher zu gestalten. Cookies bleiben \u00fcber das Ende einer Browser-Sitzung gespeichert und k\u00f6nnen bei einem erneuten Seitenbesuch wieder aufgerufen werden. Wenn Sie das nicht w\u00fcnschen, sollten Sie Ihren Internetbrowser so einstellen, dass er die Annahme von Cookies verweigert.<br><br>Ein genereller Widerspruch gegen den Einsatz der zu Zwecken des Onlinemarketing eingesetzten Cookies kann bei einer Vielzahl der Dienste, vor allem im Fall des Trackings, \u00fcber die US-amerikanische Seite&nbsp;<a href=\"http:\/\/www.aboutads.info\/choices\/\">http:\/\/www.aboutads.info\/choices\/<\/a>&nbsp;oder die EU-Seite&nbsp;<a href=\"http:\/\/www.youronlinechoices.com\/\">http:\/\/www.youronlinechoices.com\/<\/a>&nbsp;erkl\u00e4rt werden. Des Weiteren kann die Speicherung von Cookies mittels deren Abschaltung in den Einstellungen des Browsers erreicht werden. Bitte beachten Sie, dass dann gegebenenfalls nicht alle Funktionen dieses Onlineangebotes genutzt werden k\u00f6nnen.<br><br><strong>Verwendung von SSL-\/TLS-Verschl\u00fcsselung<\/strong><br><br>Diese Webseite nutzt aus Gr\u00fcnden der Sicherheit und zum Schutz der \u00dcbertragung vertraulicher Inhalte, wie zum Beispiel der Anfragen, die Sie an uns als Seitenbetreiber senden, eine SSL-\/TLS-Verschl\u00fcsselung. Eine verschl\u00fcsselte Verbindung erkennen Sie daran, dass die Adresszeile des Browsers von &#8220;http:\/\/&#8221; auf &#8220;https:\/\/&#8221; wechselt und an dem Schloss-Symbol in Ihrer Browserzeile.<br><br>Wenn die SSL bzw. TLS-Verschl\u00fcsselung aktiviert ist, k\u00f6nnen die Daten, die Sie an uns \u00fcbermitteln, nicht von Dritten mitgelesen werden.<br><br><strong>Verwendung von Server-Log-Files<\/strong><br><br>Der Provider dieser Webseite erhebt und speichert automatisch Informationen in so genannten Server-Log Files, die Ihr Browser automatisch an uns \u00fcbermittelt. Dies sind:<br><br>&#8211; Browsertyp und Browserversion;<br>&#8211; verwendetes Betriebssystem;<br>&#8211; Referrer;<br>&#8211; Hostname des zugreifenden Rechners;<br>&#8211; Uhrzeit der Serveranfrage.<br><br>Diese Daten sind nicht bestimmten Personen zuordenbar. Eine Zusammenf\u00fchrung dieser Daten mit anderen Datenquellen wird nicht vorgenommen. Wir behalten uns vor, diese Daten nachtr\u00e4glich zu pr\u00fcfen, wenn uns konkrete Anhaltspunkte f\u00fcr eine rechtswidrige Nutzung bekannt werden.<\/p>\n\n\n\n<p><strong>Tracking and Analytic Tools<\/strong><br><br>Google Analytics<br><br>Wir nutzen Google Analytics, ein Webanalyse-Dienst von Google Ireland Limited, Google Building Gordon House, 4 Barrow St, Dublin, D04 E5W5, Irland bzw. Google Inc., 1600 Amphitheatre Pkwy, Mountain View, CA 94043-1351, USA. Google Analytics verwendet Methoden, die eine Analyse der Nutzung der Webseite erm\u00f6glichen, wie zum Beispiel Cookies. Diese erzeugen Informationen \u00fcber Ihre Nutzung der Webseite, wie z.B.<br><br>&#8211; Navigationspfad, den ein Besucher auf der Webseite beschreitet;<br>&#8211; Verweildauer auf der Webseite und Unterseiten;<br>&#8211; Die Unterseite, auf welcher die Webseite verlassen werden;<br>&#8211; Das Land, die Region oder die Stadt, von wo aus ein Zugriff erfolgt;<br>&#8211; Endger\u00e4t (Typ, Version, Farbtiefe, Aufl\u00f6sung, Breite und H\u00f6he des Browserfensters);<br>&#8211; Wiederkehrender oder neuer Besucher;<br>&#8211; Browseranbieter\/Version;<br>&#8211; Das verwendete Betriebssystem;<br>&#8211; Die Referrer URL (zuvor besuchte Webseite);<br>&#8211; Hostname des zugreifenden Rechners (IP-Adressse);<br>&#8211; Uhrzeit der Serveranfrage.<br><br>Diese Informationen werden an Server von Google in die USA \u00fcbertragen und dort gespeichert. Dabei wird die IP-Adresse durch die Aktivierung der IP-Anonymisierung (&#8220;anonymizeIP&#8221;) auf unserer Webseite vor der \u00dcbermittlung innerhalb der Mitgliedstaaten der Europ\u00e4ischen Union oder in anderen Vertragsstaaten des Abkommens \u00fcber den Europ\u00e4ischen Wirtschaftsraum, wie auch in der Schweiz, gek\u00fcrzt. Die im Rahmen von Google Analytics von Ihrem Browser \u00fcbermittelte anonymisierte IP-Adresse wird nicht mit anderen Daten von Google zusammengef\u00fchrt. Nur in Ausnahmef\u00e4llen wird die volle IP-Adresse an einen Server von Google in den USA \u00fcbertragen und dort gek\u00fcrzt. In diesen F\u00e4llen stellen wir durch vertragliche Garantien, insbesondere durch die Vereinbarung der EU-Standardvertragsklauseln und zus\u00e4tzlicher Massnahmen sicher, dass Google ein ausreichendes Datenschutzniveau einh\u00e4lt.<br><br><strong>Social Media Plugins<\/strong><br><br>Wir haben auf unserer Webseite Social Media Plugins verschiedener sozialer Netzwerke integriert. Bei diesen Social Media Plugins kann es sich z.B. um den &#8220;Like-Button&#8221; oder andere Funktionalit\u00e4ten, z.B. das Teilen von Inhalten der Webseite in sozialen Netzwerken handeln. Sie erkennen die Social Media Plugins an den Logos der betreffenden sozialen Netzwerke.<br><br>Um den Datenschutz auf unserer Webseite zu gew\u00e4hrleisten, verwenden wir diese Plugins nur zusammen mit der sogenannten &#8220;Shariff&#8221;-L\u00f6sung. Diese Anwendung verhindert, dass die auf unserer Webseite integrierten Plugins Daten schon beim ersten Besuchen der Webseite an den jeweiligen Anbieter \u00fcbertragen.<br><br>Erst wenn Sie das jeweilige Plugin durch Anklicken der zugeh\u00f6rigen Schaltfl\u00e4che aktivieren, wird eine direkte Verbindung zum Server des Anbieters hergestellt (Einwilligung). Sobald Sie das Plugin aktivieren, erh\u00e4lt der jeweilige Anbieter die Information, dass Sie mit Ihrer IP-Adresse unserer Webseite besucht haben. Wenn Sie gleichzeitig in Ihrem jeweiligen Social-Media-Account (z.B. Facebook) eingeloggt sind, kann der jeweilige Anbieter den Besuch unserer Webseite Ihrem Benutzerkonto zuordnen. Wenn Sie dies verhindern wollen, sollten Sie sich vor dem Anklicken des Plugins ausloggen.<br><br>Eine Zuordnung erfolgt in jedem Fall, wenn Sie sich nach dem Anklicken des Plugins in das entsprechende Netzwerk einloggen.<br><br>Das Aktivieren des Plugins stellt eine Einwilligung zur Datenverarbeitung dar. Diese Einwilligung k\u00f6nnen Sie jederzeit mit Wirkung f\u00fcr die Zukunft widerrufen.<br><br>Wir haben Plugins von folgenden sozialen Netzwerken in die Webseite integriert:<br><br>&#8211; LinkedIn Corporation, 2029 Stierlin Court, Mountain View, CA 94043, USA,<br><a href=\"http:\/\/www.linkedin.com\/static?key=privacy_policy&amp;trk=hb_ft_priv\">http:\/\/www.linkedin.com\/static?key=privacy_policy&amp;trk=hb_ft_priv<\/a><br><br><strong>Wem wir Ihre Personendaten weitergeben<\/strong><br><br>Wir k\u00f6nnen Ihre Personendaten vertrauensw\u00fcrdigen Dritten weitergeben, einschliesslich an:<br><br>&#8211; Anbieter, an welche wir bestimmte Support-Dienstleistungen ausgelagert haben;<br>&#8211; IT-Dienstleister;<br>&#8211; Dritte, welche bei der Erbringung unserer Dienstleistungen ebenfalls involviert sind, wie z.B. Zahlungsdienstleister oder Kreditkartenherausgeber.<br><br>F\u00fcr die in dieser Erkl\u00e4rung aufgef\u00fchrten Zwecke und sofern dies notwendig erscheint, k\u00f6nnen wir Personendaten an Gerichte, Strafverfolgungsbeh\u00f6rden, Aufsichts- und Regierungsbeh\u00f6rden sowie Vollzugs- und Vollstreckungsbeh\u00f6rden weitergeben. Ferner k\u00f6nnen wir dazu angehalten werden, Ihre Personendaten zur Einhaltung von rechtlichen Bestimmungen und regulatorischen Auflagen weiterzugeben.<br><br><strong>L\u00e4nder, in welche wir Ihre Personendaten \u00fcbermitteln<\/strong><br><br>Wir k\u00f6nnen Ihre Personendaten an Empf\u00e4nger im Ausland \u00fcbermitteln, einschliesslich solcher L\u00e4nder, welche kein gleichwertiges Datenschutzniveau wie das schweizerische Recht gew\u00e4hrleisten (insbesondere USA). Normalerweise werden wir eine solche \u00dcbermittlung vornehmen, wenn dies f\u00fcr die Erf\u00fcllung eines Vertrags mit der\/n betroffenen Person(en), f\u00fcr einen Vertrag mit einer betroffenen Person oder f\u00fcr die Erf\u00fcllung eines Vertrags, welche in deren Interesse abgeschlossen wurde sowie f\u00fcr die Geltendmachung, Durchsetzung oder Verteidigung von Rechtsanspr\u00fcchen notwendig ist.<br><br>Wenn wir Daten in ein Land ohne angemessenen gesetzlichen Datenschutz \u00fcbermitteln, sorgen wir wie gesetzlich vorgesehen mittels Einsatz von entsprechenden Vertr\u00e4gen (namentlich auf Basis der sog. Standardvertragsklauseln der Europ\u00e4ischen Kommission) oder sog. Binding Corporate Rules f\u00fcr ein angemessenes Schutzniveau oder st\u00fctzen uns auf die gesetzlichen Ausnahmetatbest\u00e4nde der Einwilligung, der Vertragsabwicklung, der Feststellung, Aus\u00fcbung oder Durchsetzung von Rechtsanspr\u00fcchen, \u00fcberwiegender \u00f6ffentlicher Interessen, der ver\u00f6ffentlichten Personendaten oder, weil es zum Schutz der Unversehrtheit der betroffenen Personen n\u00f6tig ist. Sie k\u00f6nnen jederzeit bei uns eine Kopie der erw\u00e4hnten vertraglichen Garantien beziehen. Wir behalten uns aber vor, Kopien aus datenschutzrechtlichen Gr\u00fcnden oder Gr\u00fcnden der Geheimhaltung zu schw\u00e4rzen oder nur auszugsweise zu liefern.<br><br>Einzelne der in dieser Datenschutzerkl\u00e4rung genannten Drittdienstleister haben ihren Sitz in den USA. Aus Gr\u00fcnden der Vollst\u00e4ndigkeit weisen wir f\u00fcr Nutzer mit Wohnsitz oder Sitz in der Schweiz oder der EU darauf hin, dass in den USA \u00dcberwachungsmassnahmen von US-Beh\u00f6rden bestehen, die generell die Speicherung aller personenbezogenen Daten s\u00e4mtlicher Personen, deren Daten aus der Schweiz bzw. der EU in die USA \u00fcbermittelt wurden, erm\u00f6glicht. Dies geschieht ohne Differenzierung, Einschr\u00e4nkung oder Ausnahme anhand des verfolgten Ziels und ohne ein objektives Kriterium, das es erm\u00f6glicht, den Zugang der US-Beh\u00f6rden zu den Daten und deren sp\u00e4tere Nutzung auf ganz bestimmte, strikt begrenzte Zwecke zu beschr\u00e4nken, die den sowohl mit dem Zugang zu diesen Daten als auch mit deren Nutzung verbundenen Eingriff zu rechtfertigen verm\u00f6gen. Ausserdem weisen wir darauf hin, dass in den USA f\u00fcr die betroffenen Personen aus der Schweiz bzw. der EU keine Rechtsbehelfe vorliegen, die es ihnen erlauben, Zugang zu den sie betreffenden Daten zu erhalten und deren Berichtigung oder L\u00f6schung zu erwirken, bzw. kein wirksamer gerichtlicher Rechtsschutz gegen generelle Zugriffsrechte von US-Beh\u00f6rden vorliegt. Wir weisen die Betroffenen explizit auf diese Rechts- und Sachlage hin, um eine entsprechend informierte Entscheidung zur Einwilligung in die Verwendung ihrer Daten zu treffen.<br><br>Nutzer mit Wohnsitz in der Schweiz oder einem Mitgliedstaat der EU weisen wir darauf hin, dass die USA aus Sicht der Europ\u00e4ischen Union und der Schweiz \u2013 unter anderem aufgrund der in diesem Abschnitt genannten Themen \u2013 nicht \u00fcber ein ausreichendes Datenschutzniveau verf\u00fcgt. Soweit wir in dieser Datenschutzerkl\u00e4rung erl\u00e4utert haben, dass Empf\u00e4nger von Daten (wie z.B. Google) ihren Sitz in den USA haben, werden wir durch vertragliche Regelungen mit diesen Unternehmen sowie ggf. zus\u00e4tzliche erforderliche geeignete Garantien gew\u00e4hrleisten, dass Ihre Daten bei unseren Partnern mit einem angemessenen Niveau gesch\u00fctzt sind.<br><br><strong>Einsatz von Auftragsverarbeitern<\/strong><br><br>F\u00fcr die Verarbeitung k\u00f6nnen die Verantwortlichen die Weitergabe an einen oder mehrere Auftragsverarbeiter veranlassen, der oder die die personenbezogenen Daten ebenfalls ausschliesslich f\u00fcr eine interne Verwendung, die den Verantwortlichen zuzurechnen ist, nutzen. Folgende Auftragsverarbeiter verarbeiten personenbezogene Daten in Drittl\u00e4ndern der Verantwortlichen (teils ausserhalb der Schweiz und ausserhalb der Europ\u00e4ischen Union):<br><br>Thinkific Labs Inc.<br>Das Zurverf\u00fcgungstellen von Schulungsunterlagen im Zusammenhang nmit dem Erwerb voin Online- ursen erfolgt \u00fcber den Dienstleiter Thinkific Labs Inc., #400 \u2013 369 Terminal Ave, Vancouver, BC, V6A 4C4. Thinkific speichert deine Daten sowohl in ihrer Datenbank als auch in der allgemeinen Thinkific Applikation. Diese befinden sich auf Servern, die durch Firewalls gesch\u00fctzt werden. N\u00e4here Informationen zum Datenschutz der Thinkific Labs Inc. finden Sie unter<br><br><a href=\"https:\/\/www.thinkific.com\/privacy-policy\/\">https:\/\/www.thinkific.com\/privacy-policy\/<\/a><br><br>Stripe Inc.<br>Die Zahlungsabwicklung erfolgt \u00fcber den Paymentdienstleister Stripe Inc., 354 Oyster Point Boulevard, South San Francisco, California, 94080, USA. Die Weitergabe Ihrer Daten erfolgt ausschliesslich zum Zwecke der Zahlungsabwicklung. N\u00e4here Informationen zum Datenschutz der Stripe Inc. finden Sie unter<br><br><a href=\"https:\/\/stripe.com\/en-ch\/privacy\">https:\/\/stripe.com\/en-ch\/privacy<\/a><br><br><br><strong>Wie wir Ihre Personendaten speichern<\/strong><br><br>Wir speichern Ihre Personendaten solange es f\u00fcr den Zweck, zu welchem diese erhoben wurden, notwendig ist und solange wir ein berechtigtes Interesse an der Aufbewahrung von Personendaten haben, beispielsweise zur Durchf\u00fchrung oder Verteidigung von Rechtsanspr\u00fcchen oder zu Archivierungszwecken und IT-Sicherheit. Wir speichern Ihre Personendaten ebenfalls sofern und solange dies gem\u00e4ss einer gesetzlichen Aufbewahrungspflicht verlangt wird.<br><br><strong>Ihre Rechte<\/strong><br><br>Sie sind berechtigt, detaillierte Informationen dar\u00fcber zu verlangen, welche Personendaten wir \u00fcber Sie haben und wie wir diese bearbeiten sowie eine Kopie Ihrer Personendaten als auch auf Herausgabe gewisser Personendaten zwecks \u00dcbertragung an eine andere Stelle (sog. Datenportabilit\u00e4t) zu verlangen. Sie k\u00f6nnen Ihre Daten auch berichtigen oder l\u00f6schen lassen, unsere Verarbeitungst\u00e4tigkeiten betreffend diese Informationen einschr\u00e4nken und der Verarbeitung Ihrer Personendaten widersprechen. Sie k\u00f6nnen sich auch dazu entscheiden, Ihre Einwilligung zu widerrufen. Bitte beachten Sie, dass wir, selbst wenn Sie sich dazu entschieden haben, Ihre Einwilligung zu widerrufen, Ihre Personendaten weiterhin im Umfang, in welchem es rechtlich verlangt oder erlaubt ist, bearbeiten k\u00f6nnen. Sie k\u00f6nnen ferner bei einer lokalen Aufsichtsbeh\u00f6rde, in der Schweiz beim Eidgen\u00f6ssischen Datenschutz- und \u00d6ffentlichkeitsbeauftragten, eine Beschwerde einreichen.<br><br><strong>\u00c4nderungen<\/strong><br><br>Wir k\u00f6nnen diese Datenschutzerkl\u00e4rung jederzeit ohne Vorank\u00fcndigung anpassen. Es gilt die jeweils aktuelle, auf unserer Webseite publizierte Fassung. Soweit die Datenschutzerkl\u00e4rung Teil einer Vereinbarung mit Ihnen ist, werden wir Sie im Falle einer Aktualisierung \u00fcber die \u00c4nderung per E-Mail oder auf andere geeignete Weise informieren.<br><br><strong>Fragen zum Datenschutz<\/strong><br><br>Wenn Sie Fragen zum Datenschutz haben, schreiben Sie uns bitte eine E-Mail oder wenden Sie sich direkt an die f\u00fcr den Datenschutz zu Beginn der Datenschutzerkl\u00e4rung (wer wir sind) aufgef\u00fchrten, verantwortlichen Person in unserer Organisation.<br><br>Stand: Januar 2025<\/p>\n","protected":false},"excerpt":{"rendered":"<p>Allgemeiner Hinweis Gest\u00fctzt auf Art. 13 BV und den datenschutzrechtlichen Bestimmungen des Bundes (Datenschutzgesetz, DSG) und anderen Bestimmungen des Datenschutzrechts, welche anwendbar sein k\u00f6nnten, insbesondere die EU-Datenschutzgrundverordnung (DSGVO), hat jede Person Anspruch auf Schutz ihrer Privatsph\u00e4re sowie auf Schutz vor Missbrauch ihrer pers\u00f6nlichen Daten. Die Betreiber der Webseite MultiSpeakAi &#8220;www.multispeakai.com&#8221; (die &#8220;Webseite&#8220;) nehmen den Schutz [&hellip;]<\/p>\n","protected":false},"author":1,"featured_media":0,"parent":0,"menu_order":0,"comment_status":"closed","ping_status":"open","template":"","meta":{"footnotes":""},"class_list":["post-3","page","type-page","status-publish","hentry"],"_links":{"self":[{"href":"https:\/\/multispeakai.com\/en_gb\/wp-json\/wp\/v2\/pages\/3","targetHints":{"allow":["GET"]}}],"collection":[{"href":"https:\/\/multispeakai.com\/en_gb\/wp-json\/wp\/v2\/pages"}],"about":[{"href":"https:\/\/multispeakai.com\/en_gb\/wp-json\/wp\/v2\/types\/page"}],"author":[{"embeddable":true,"href":"https:\/\/multispeakai.com\/en_gb\/wp-json\/wp\/v2\/users\/1"}],"replies":[{"embeddable":true,"href":"https:\/\/multispeakai.com\/en_gb\/wp-json\/wp\/v2\/comments?post=3"}],"version-history":[{"count":1,"href":"https:\/\/multispeakai.com\/en_gb\/wp-json\/wp\/v2\/pages\/3\/revisions"}],"predecessor-version":[{"id":268,"href":"https:\/\/multispeakai.com\/en_gb\/wp-json\/wp\/v2\/pages\/3\/revisions\/268"}],"wp:attachment":[{"href":"https:\/\/multispeakai.com\/en_gb\/wp-json\/wp\/v2\/media?parent=3"}],"curies":[{"name":"wp","href":"https:\/\/api.w.org\/{rel}","templated":true}]}}